{"id":28,"date":"2024-10-24T17:52:09","date_gmt":"2024-10-24T17:52:09","guid":{"rendered":"https:\/\/maifeld-fewo.de\/?page_id=28"},"modified":"2024-10-28T10:49:30","modified_gmt":"2024-10-28T10:49:30","slug":"ueber-uns","status":"publish","type":"page","link":"https:\/\/maifeld-fewo.de\/?page_id=28","title":{"rendered":"\u00dcber uns"},"content":{"rendered":"\n<p>Unsere Ferienwohnungen haben wir mit viel Liebe eingerichtet. Uns liegt vor allem am Herzen, dass sich unsere G\u00e4ste wohl und wie zu Hause f\u00fchlen. Das sch\u00f6nste an der Vermietung ist, wenn aus G\u00e4sten Freunde und gute Bekannte werden.<\/p>\n\n\n\n<p>Das Maifeld ist eine sehr sch\u00f6ne ruhige Urlaubsregion, die zum Wandern, Radfahren, Stadtbummeln, Burgenbesichtigungen oder einfach nur zum Entspannen einl\u00e4dt. Unsere Ferienwohnung liegt zu allen Aktivit\u00e4ten sehr zentral und ist dennoch in einer ruhigen Gegend. Alles ist per Auto oder Fahrrad in k\u00fcrzester Zeit zu erreichen.<\/p>\n\n\n\n<p>Gesprochene Sprachen: Deutsch, Englisch<\/p>\n\n\n\n<figure class=\"wp-block-image size-full\"><img fetchpriority=\"high\" decoding=\"async\" width=\"500\" height=\"375\" src=\"https:\/\/maifeld-fewo.de\/wp-content\/uploads\/2024\/10\/57289912.jpg\" alt=\"\" class=\"wp-image-30\" srcset=\"https:\/\/maifeld-fewo.de\/wp-content\/uploads\/2024\/10\/57289912.jpg 500w, https:\/\/maifeld-fewo.de\/wp-content\/uploads\/2024\/10\/57289912-300x225.jpg 300w\" sizes=\"(max-width: 500px) 100vw, 500px\" \/><\/figure>\n","protected":false},"excerpt":{"rendered":"<p>Unsere Ferienwohnungen haben wir mit viel Liebe eingerichtet. Uns liegt vor allem am Herzen, dass sich unsere G\u00e4ste wohl und wie zu Hause f\u00fchlen. Das sch\u00f6nste an der Vermietung ist, wenn aus G\u00e4sten Freunde und gute Bekannte werden. Das Maifeld ist eine sehr sch\u00f6ne ruhige Urlaubsregion, die zum Wandern, Radfahren, Stadtbummeln, Burgenbesichtigungen oder einfach nur &hellip; <\/p>\n<p class=\"link-more\"><a href=\"https:\/\/maifeld-fewo.de\/?page_id=28\" class=\"more-link\"><span class=\"screen-reader-text\">\u201e\u00dcber uns\u201c <\/span>weiterlesen<\/a><\/p>\n","protected":false},"author":1,"featured_media":0,"parent":0,"menu_order":0,"comment_status":"closed","ping_status":"closed","template":"","meta":{"footnotes":""},"class_list":["post-28","page","type-page","status-publish","hentry"],"yoast_head":"<!-- This site is optimized with the Yoast SEO plugin v27.4 - https:\/\/yoast.com\/product\/yoast-seo-wordpress\/ -->\n<title>\u00dcber uns - maifeld-fewo<\/title>\n<meta name=\"robots\" content=\"index, follow, max-snippet:-1, max-image-preview:large, max-video-preview:-1\" \/>\n<link rel=\"canonical\" href=\"https:\/\/maifeld-fewo.de\/?page_id=28\" \/>\n<meta property=\"og:locale\" content=\"de_DE\" \/>\n<meta property=\"og:type\" content=\"article\" \/>\n<meta property=\"og:title\" content=\"\u00dcber uns - maifeld-fewo\" \/>\n<meta property=\"og:description\" content=\"Unsere Ferienwohnungen haben wir mit viel Liebe eingerichtet. Uns liegt vor allem am Herzen, dass sich unsere G\u00e4ste wohl und wie zu Hause f\u00fchlen. Das sch\u00f6nste an der Vermietung ist, wenn aus G\u00e4sten Freunde und gute Bekannte werden. Das Maifeld ist eine sehr sch\u00f6ne ruhige Urlaubsregion, die zum Wandern, Radfahren, Stadtbummeln, Burgenbesichtigungen oder einfach nur &hellip; \u201e\u00dcber uns\u201c weiterlesen\" \/>\n<meta property=\"og:url\" content=\"https:\/\/maifeld-fewo.de\/?page_id=28\" \/>\n<meta property=\"og:site_name\" content=\"maifeld-fewo\" \/>\n<meta property=\"article:publisher\" content=\"https:\/\/www.facebook.com\/share\/mwE5ngJhxx8UWmgr\/\" \/>\n<meta property=\"article:modified_time\" content=\"2024-10-28T10:49:30+00:00\" \/>\n<meta property=\"og:image\" content=\"https:\/\/maifeld-fewo.de\/wp-content\/uploads\/2024\/10\/57289912.jpg\" \/>\n\t<meta property=\"og:image:width\" content=\"500\" \/>\n\t<meta property=\"og:image:height\" content=\"375\" \/>\n\t<meta property=\"og:image:type\" content=\"image\/jpeg\" \/>\n<meta name=\"twitter:card\" content=\"summary_large_image\" \/>\n<meta name=\"twitter:label1\" content=\"Gesch\u00e4tzte Lesezeit\" \/>\n\t<meta name=\"twitter:data1\" content=\"1\u00a0Minute\" \/>\n<script type=\"application\/ld+json\" class=\"yoast-schema-graph\">{\"@context\":\"https:\\\/\\\/schema.org\",\"@graph\":[{\"@type\":\"WebPage\",\"@id\":\"https:\\\/\\\/maifeld-fewo.de\\\/?page_id=28\",\"url\":\"https:\\\/\\\/maifeld-fewo.de\\\/?page_id=28\",\"name\":\"\u00dcber uns - maifeld-fewo\",\"isPartOf\":{\"@id\":\"https:\\\/\\\/maifeld-fewo.de\\\/#website\"},\"primaryImageOfPage\":{\"@id\":\"https:\\\/\\\/maifeld-fewo.de\\\/?page_id=28#primaryimage\"},\"image\":{\"@id\":\"https:\\\/\\\/maifeld-fewo.de\\\/?page_id=28#primaryimage\"},\"thumbnailUrl\":\"https:\\\/\\\/maifeld-fewo.de\\\/wp-content\\\/uploads\\\/2024\\\/10\\\/57289912.jpg\",\"datePublished\":\"2024-10-24T17:52:09+00:00\",\"dateModified\":\"2024-10-28T10:49:30+00:00\",\"breadcrumb\":{\"@id\":\"https:\\\/\\\/maifeld-fewo.de\\\/?page_id=28#breadcrumb\"},\"inLanguage\":\"de\",\"potentialAction\":[{\"@type\":\"ReadAction\",\"target\":[\"https:\\\/\\\/maifeld-fewo.de\\\/?page_id=28\"]}]},{\"@type\":\"ImageObject\",\"inLanguage\":\"de\",\"@id\":\"https:\\\/\\\/maifeld-fewo.de\\\/?page_id=28#primaryimage\",\"url\":\"https:\\\/\\\/maifeld-fewo.de\\\/wp-content\\\/uploads\\\/2024\\\/10\\\/57289912.jpg\",\"contentUrl\":\"https:\\\/\\\/maifeld-fewo.de\\\/wp-content\\\/uploads\\\/2024\\\/10\\\/57289912.jpg\",\"width\":500,\"height\":375},{\"@type\":\"BreadcrumbList\",\"@id\":\"https:\\\/\\\/maifeld-fewo.de\\\/?page_id=28#breadcrumb\",\"itemListElement\":[{\"@type\":\"ListItem\",\"position\":1,\"name\":\"Startseite\",\"item\":\"https:\\\/\\\/maifeld-fewo.de\\\/\"},{\"@type\":\"ListItem\",\"position\":2,\"name\":\"\u00dcber uns\"}]},{\"@type\":\"WebSite\",\"@id\":\"https:\\\/\\\/maifeld-fewo.de\\\/#website\",\"url\":\"https:\\\/\\\/maifeld-fewo.de\\\/\",\"name\":\"maifeld-fewo\",\"description\":\".... Stress ist woanders\",\"publisher\":{\"@id\":\"https:\\\/\\\/maifeld-fewo.de\\\/#organization\"},\"potentialAction\":[{\"@type\":\"SearchAction\",\"target\":{\"@type\":\"EntryPoint\",\"urlTemplate\":\"https:\\\/\\\/maifeld-fewo.de\\\/?s={search_term_string}\"},\"query-input\":{\"@type\":\"PropertyValueSpecification\",\"valueRequired\":true,\"valueName\":\"search_term_string\"}}],\"inLanguage\":\"de\"},{\"@type\":\"Organization\",\"@id\":\"https:\\\/\\\/maifeld-fewo.de\\\/#organization\",\"name\":\"maifeld-fewo\",\"url\":\"https:\\\/\\\/maifeld-fewo.de\\\/\",\"logo\":{\"@type\":\"ImageObject\",\"inLanguage\":\"de\",\"@id\":\"https:\\\/\\\/maifeld-fewo.de\\\/#\\\/schema\\\/logo\\\/image\\\/\",\"url\":\"https:\\\/\\\/maifeld-fewo.de\\\/wp-content\\\/uploads\\\/2024\\\/10\\\/cropped-IMG_20210425_155714-scaled-1.jpg\",\"contentUrl\":\"https:\\\/\\\/maifeld-fewo.de\\\/wp-content\\\/uploads\\\/2024\\\/10\\\/cropped-IMG_20210425_155714-scaled-1.jpg\",\"width\":2000,\"height\":1199,\"caption\":\"maifeld-fewo\"},\"image\":{\"@id\":\"https:\\\/\\\/maifeld-fewo.de\\\/#\\\/schema\\\/logo\\\/image\\\/\"},\"sameAs\":[\"https:\\\/\\\/www.facebook.com\\\/share\\\/mwE5ngJhxx8UWmgr\\\/\",\"https:\\\/\\\/www.instagram.com\\\/maifeldfewo?igsh=MWp2ejZvaXQ5Nm4wMw==\"]}]}<\/script>\n<!-- \/ Yoast SEO plugin. -->","yoast_head_json":{"title":"\u00dcber uns - maifeld-fewo","robots":{"index":"index","follow":"follow","max-snippet":"max-snippet:-1","max-image-preview":"max-image-preview:large","max-video-preview":"max-video-preview:-1"},"canonical":"https:\/\/maifeld-fewo.de\/?page_id=28","og_locale":"de_DE","og_type":"article","og_title":"\u00dcber uns - maifeld-fewo","og_description":"Unsere Ferienwohnungen haben wir mit viel Liebe eingerichtet. Uns liegt vor allem am Herzen, dass sich unsere G\u00e4ste wohl und wie zu Hause f\u00fchlen. Das sch\u00f6nste an der Vermietung ist, wenn aus G\u00e4sten Freunde und gute Bekannte werden. Das Maifeld ist eine sehr sch\u00f6ne ruhige Urlaubsregion, die zum Wandern, Radfahren, Stadtbummeln, Burgenbesichtigungen oder einfach nur &hellip; \u201e\u00dcber uns\u201c weiterlesen","og_url":"https:\/\/maifeld-fewo.de\/?page_id=28","og_site_name":"maifeld-fewo","article_publisher":"https:\/\/www.facebook.com\/share\/mwE5ngJhxx8UWmgr\/","article_modified_time":"2024-10-28T10:49:30+00:00","og_image":[{"width":500,"height":375,"url":"https:\/\/maifeld-fewo.de\/wp-content\/uploads\/2024\/10\/57289912.jpg","type":"image\/jpeg"}],"twitter_card":"summary_large_image","twitter_misc":{"Gesch\u00e4tzte Lesezeit":"1\u00a0Minute"},"schema":{"@context":"https:\/\/schema.org","@graph":[{"@type":"WebPage","@id":"https:\/\/maifeld-fewo.de\/?page_id=28","url":"https:\/\/maifeld-fewo.de\/?page_id=28","name":"\u00dcber uns - maifeld-fewo","isPartOf":{"@id":"https:\/\/maifeld-fewo.de\/#website"},"primaryImageOfPage":{"@id":"https:\/\/maifeld-fewo.de\/?page_id=28#primaryimage"},"image":{"@id":"https:\/\/maifeld-fewo.de\/?page_id=28#primaryimage"},"thumbnailUrl":"https:\/\/maifeld-fewo.de\/wp-content\/uploads\/2024\/10\/57289912.jpg","datePublished":"2024-10-24T17:52:09+00:00","dateModified":"2024-10-28T10:49:30+00:00","breadcrumb":{"@id":"https:\/\/maifeld-fewo.de\/?page_id=28#breadcrumb"},"inLanguage":"de","potentialAction":[{"@type":"ReadAction","target":["https:\/\/maifeld-fewo.de\/?page_id=28"]}]},{"@type":"ImageObject","inLanguage":"de","@id":"https:\/\/maifeld-fewo.de\/?page_id=28#primaryimage","url":"https:\/\/maifeld-fewo.de\/wp-content\/uploads\/2024\/10\/57289912.jpg","contentUrl":"https:\/\/maifeld-fewo.de\/wp-content\/uploads\/2024\/10\/57289912.jpg","width":500,"height":375},{"@type":"BreadcrumbList","@id":"https:\/\/maifeld-fewo.de\/?page_id=28#breadcrumb","itemListElement":[{"@type":"ListItem","position":1,"name":"Startseite","item":"https:\/\/maifeld-fewo.de\/"},{"@type":"ListItem","position":2,"name":"\u00dcber uns"}]},{"@type":"WebSite","@id":"https:\/\/maifeld-fewo.de\/#website","url":"https:\/\/maifeld-fewo.de\/","name":"maifeld-fewo","description":".... Stress ist woanders","publisher":{"@id":"https:\/\/maifeld-fewo.de\/#organization"},"potentialAction":[{"@type":"SearchAction","target":{"@type":"EntryPoint","urlTemplate":"https:\/\/maifeld-fewo.de\/?s={search_term_string}"},"query-input":{"@type":"PropertyValueSpecification","valueRequired":true,"valueName":"search_term_string"}}],"inLanguage":"de"},{"@type":"Organization","@id":"https:\/\/maifeld-fewo.de\/#organization","name":"maifeld-fewo","url":"https:\/\/maifeld-fewo.de\/","logo":{"@type":"ImageObject","inLanguage":"de","@id":"https:\/\/maifeld-fewo.de\/#\/schema\/logo\/image\/","url":"https:\/\/maifeld-fewo.de\/wp-content\/uploads\/2024\/10\/cropped-IMG_20210425_155714-scaled-1.jpg","contentUrl":"https:\/\/maifeld-fewo.de\/wp-content\/uploads\/2024\/10\/cropped-IMG_20210425_155714-scaled-1.jpg","width":2000,"height":1199,"caption":"maifeld-fewo"},"image":{"@id":"https:\/\/maifeld-fewo.de\/#\/schema\/logo\/image\/"},"sameAs":["https:\/\/www.facebook.com\/share\/mwE5ngJhxx8UWmgr\/","https:\/\/www.instagram.com\/maifeldfewo?igsh=MWp2ejZvaXQ5Nm4wMw=="]}]}},"_links":{"self":[{"href":"https:\/\/maifeld-fewo.de\/index.php?rest_route=\/wp\/v2\/pages\/28","targetHints":{"allow":["GET"]}}],"collection":[{"href":"https:\/\/maifeld-fewo.de\/index.php?rest_route=\/wp\/v2\/pages"}],"about":[{"href":"https:\/\/maifeld-fewo.de\/index.php?rest_route=\/wp\/v2\/types\/page"}],"author":[{"embeddable":true,"href":"https:\/\/maifeld-fewo.de\/index.php?rest_route=\/wp\/v2\/users\/1"}],"replies":[{"embeddable":true,"href":"https:\/\/maifeld-fewo.de\/index.php?rest_route=%2Fwp%2Fv2%2Fcomments&post=28"}],"version-history":[{"count":6,"href":"https:\/\/maifeld-fewo.de\/index.php?rest_route=\/wp\/v2\/pages\/28\/revisions"}],"predecessor-version":[{"id":121,"href":"https:\/\/maifeld-fewo.de\/index.php?rest_route=\/wp\/v2\/pages\/28\/revisions\/121"}],"wp:attachment":[{"href":"https:\/\/maifeld-fewo.de\/index.php?rest_route=%2Fwp%2Fv2%2Fmedia&parent=28"}],"curies":[{"name":"wp","href":"https:\/\/api.w.org\/{rel}","templated":true}]}}