{"id":88,"date":"2024-10-28T10:41:28","date_gmt":"2024-10-28T10:41:28","guid":{"rendered":"https:\/\/maifeld-fewo.de\/?page_id=88"},"modified":"2024-10-28T10:51:52","modified_gmt":"2024-10-28T10:51:52","slug":"fewo-sonnenschein","status":"publish","type":"page","link":"https:\/\/maifeld-fewo.de\/?page_id=88","title":{"rendered":"Fewo Sonnenschein"},"content":{"rendered":"\n<p>Das moderne und lichtdurchflutete Ferienhaus bietet komfortablen Platz f\u00fcr 4 Personen.<br>Die gro\u00dfe Sonnenterrasse l\u00e4dt zum Verweilen und Entspannen ein.<\/p>\n\n\n\n<figure class=\"wp-block-image size-large\"><img fetchpriority=\"high\" decoding=\"async\" width=\"1024\" height=\"764\" src=\"https:\/\/maifeld-fewo.de\/wp-content\/uploads\/2024\/10\/IMG-20180803-WA0001-1024x764.jpg\" alt=\"\" class=\"wp-image-89\" srcset=\"https:\/\/maifeld-fewo.de\/wp-content\/uploads\/2024\/10\/IMG-20180803-WA0001-1024x764.jpg 1024w, https:\/\/maifeld-fewo.de\/wp-content\/uploads\/2024\/10\/IMG-20180803-WA0001-300x224.jpg 300w, https:\/\/maifeld-fewo.de\/wp-content\/uploads\/2024\/10\/IMG-20180803-WA0001-768x573.jpg 768w, https:\/\/maifeld-fewo.de\/wp-content\/uploads\/2024\/10\/IMG-20180803-WA0001.jpg 1078w\" sizes=\"(max-width: 767px) 89vw, (max-width: 1000px) 54vw, (max-width: 1071px) 543px, 580px\" \/><\/figure>\n\n\n\n<figure class=\"wp-block-image size-full\"><img decoding=\"async\" width=\"1024\" height=\"768\" src=\"https:\/\/maifeld-fewo.de\/wp-content\/uploads\/2024\/10\/156342867.jpg\" alt=\"\" class=\"wp-image-90\" srcset=\"https:\/\/maifeld-fewo.de\/wp-content\/uploads\/2024\/10\/156342867.jpg 1024w, https:\/\/maifeld-fewo.de\/wp-content\/uploads\/2024\/10\/156342867-300x225.jpg 300w, https:\/\/maifeld-fewo.de\/wp-content\/uploads\/2024\/10\/156342867-768x576.jpg 768w\" sizes=\"(max-width: 767px) 89vw, (max-width: 1000px) 54vw, (max-width: 1071px) 543px, 580px\" \/><\/figure>\n\n\n\n<figure class=\"wp-block-image size-large\"><img decoding=\"async\" width=\"1024\" height=\"897\" src=\"https:\/\/maifeld-fewo.de\/wp-content\/uploads\/2024\/10\/IMG_20190607_214425-1-1024x897.jpg\" alt=\"\" class=\"wp-image-92\" srcset=\"https:\/\/maifeld-fewo.de\/wp-content\/uploads\/2024\/10\/IMG_20190607_214425-1-1024x897.jpg 1024w, https:\/\/maifeld-fewo.de\/wp-content\/uploads\/2024\/10\/IMG_20190607_214425-1-300x263.jpg 300w, https:\/\/maifeld-fewo.de\/wp-content\/uploads\/2024\/10\/IMG_20190607_214425-1-768x673.jpg 768w, https:\/\/maifeld-fewo.de\/wp-content\/uploads\/2024\/10\/IMG_20190607_214425-1-1536x1346.jpg 1536w, https:\/\/maifeld-fewo.de\/wp-content\/uploads\/2024\/10\/IMG_20190607_214425-1-2048x1794.jpg 2048w\" sizes=\"(max-width: 767px) 89vw, (max-width: 1000px) 54vw, (max-width: 1071px) 543px, 580px\" \/><\/figure>\n\n\n\n<p>Der Innenbereich bietet Ihnen mit 120m\u00b2 gen\u00fcgend Platz um Ihren Aufenthalt zu genie\u00dfen. Im <strong>EG <\/strong>befindet sich ein Wohnzimmer mit gem\u00fctlichem BIG Sofa und einem TV.<\/p>\n\n\n\n<figure class=\"wp-block-image size-full\"><img loading=\"lazy\" decoding=\"async\" width=\"1024\" height=\"576\" src=\"https:\/\/maifeld-fewo.de\/wp-content\/uploads\/2024\/10\/117667567.jpg\" alt=\"\" class=\"wp-image-93\" srcset=\"https:\/\/maifeld-fewo.de\/wp-content\/uploads\/2024\/10\/117667567.jpg 1024w, https:\/\/maifeld-fewo.de\/wp-content\/uploads\/2024\/10\/117667567-300x169.jpg 300w, https:\/\/maifeld-fewo.de\/wp-content\/uploads\/2024\/10\/117667567-768x432.jpg 768w\" sizes=\"(max-width: 767px) 89vw, (max-width: 1000px) 54vw, (max-width: 1071px) 543px, 580px\" \/><\/figure>\n\n\n\n<figure class=\"wp-block-image size-full\"><img loading=\"lazy\" decoding=\"async\" width=\"1024\" height=\"576\" src=\"https:\/\/maifeld-fewo.de\/wp-content\/uploads\/2024\/10\/117667705.jpg\" alt=\"\" class=\"wp-image-96\" srcset=\"https:\/\/maifeld-fewo.de\/wp-content\/uploads\/2024\/10\/117667705.jpg 1024w, https:\/\/maifeld-fewo.de\/wp-content\/uploads\/2024\/10\/117667705-300x169.jpg 300w, https:\/\/maifeld-fewo.de\/wp-content\/uploads\/2024\/10\/117667705-768x432.jpg 768w\" sizes=\"(max-width: 767px) 89vw, (max-width: 1000px) 54vw, (max-width: 1071px) 543px, 580px\" \/><\/figure>\n\n\n\n<p>Im <strong>OG <\/strong>befindet sich ein weiteres Wohnzimmer mit kleinem Sofa, TV und einem gro\u00dfen Tisch.<\/p>\n\n\n\n<figure class=\"wp-block-image size-full\"><img loading=\"lazy\" decoding=\"async\" width=\"1024\" height=\"768\" src=\"https:\/\/maifeld-fewo.de\/wp-content\/uploads\/2024\/10\/182307505.jpg\" alt=\"\" class=\"wp-image-98\" srcset=\"https:\/\/maifeld-fewo.de\/wp-content\/uploads\/2024\/10\/182307505.jpg 1024w, https:\/\/maifeld-fewo.de\/wp-content\/uploads\/2024\/10\/182307505-300x225.jpg 300w, https:\/\/maifeld-fewo.de\/wp-content\/uploads\/2024\/10\/182307505-768x576.jpg 768w\" sizes=\"(max-width: 767px) 89vw, (max-width: 1000px) 54vw, (max-width: 1071px) 543px, 580px\" \/><\/figure>\n\n\n\n<figure class=\"wp-block-gallery has-nested-images columns-default is-cropped wp-block-gallery-1 is-layout-flex wp-block-gallery-is-layout-flex\">\n<figure class=\"wp-block-image size-large\"><img loading=\"lazy\" decoding=\"async\" width=\"1024\" height=\"768\" data-id=\"100\" src=\"https:\/\/maifeld-fewo.de\/wp-content\/uploads\/2024\/10\/182307510.jpg\" alt=\"\" class=\"wp-image-100\" srcset=\"https:\/\/maifeld-fewo.de\/wp-content\/uploads\/2024\/10\/182307510.jpg 1024w, https:\/\/maifeld-fewo.de\/wp-content\/uploads\/2024\/10\/182307510-300x225.jpg 300w, https:\/\/maifeld-fewo.de\/wp-content\/uploads\/2024\/10\/182307510-768x576.jpg 768w\" sizes=\"(max-width: 767px) 89vw, (max-width: 1000px) 54vw, (max-width: 1071px) 543px, 580px\" \/><\/figure>\n\n\n\n<figure class=\"wp-block-image size-large\"><img loading=\"lazy\" decoding=\"async\" width=\"1024\" height=\"768\" data-id=\"99\" src=\"https:\/\/maifeld-fewo.de\/wp-content\/uploads\/2024\/10\/182307506.jpg\" alt=\"\" class=\"wp-image-99\" srcset=\"https:\/\/maifeld-fewo.de\/wp-content\/uploads\/2024\/10\/182307506.jpg 1024w, https:\/\/maifeld-fewo.de\/wp-content\/uploads\/2024\/10\/182307506-300x225.jpg 300w, https:\/\/maifeld-fewo.de\/wp-content\/uploads\/2024\/10\/182307506-768x576.jpg 768w\" sizes=\"(max-width: 767px) 89vw, (max-width: 1000px) 54vw, (max-width: 1071px) 543px, 580px\" \/><\/figure>\n\n\n\n<figure class=\"wp-block-image size-large\"><img loading=\"lazy\" decoding=\"async\" width=\"1024\" height=\"768\" data-id=\"97\" src=\"https:\/\/maifeld-fewo.de\/wp-content\/uploads\/2024\/10\/182307497.jpg\" alt=\"\" class=\"wp-image-97\" srcset=\"https:\/\/maifeld-fewo.de\/wp-content\/uploads\/2024\/10\/182307497.jpg 1024w, https:\/\/maifeld-fewo.de\/wp-content\/uploads\/2024\/10\/182307497-300x225.jpg 300w, https:\/\/maifeld-fewo.de\/wp-content\/uploads\/2024\/10\/182307497-768x576.jpg 768w\" sizes=\"(max-width: 767px) 89vw, (max-width: 1000px) 54vw, (max-width: 1071px) 543px, 580px\" \/><\/figure>\n<\/figure>\n\n\n\n<p>Die gut ausgestattete K\u00fcche im <strong>EG<\/strong> l\u00e4sst mit K\u00fchl-Gefriefkombination, Induktionsherd, Backofen, Geschirrsp\u00fcler, Toaster, Wasserkocher, Kaffeemaschine und Senseo keine W\u00fcnsche offen.<\/p>\n\n\n\n<figure class=\"wp-block-image size-full\"><img loading=\"lazy\" decoding=\"async\" width=\"1024\" height=\"768\" src=\"https:\/\/maifeld-fewo.de\/wp-content\/uploads\/2024\/10\/156097954.jpg\" alt=\"\" class=\"wp-image-105\" srcset=\"https:\/\/maifeld-fewo.de\/wp-content\/uploads\/2024\/10\/156097954.jpg 1024w, https:\/\/maifeld-fewo.de\/wp-content\/uploads\/2024\/10\/156097954-300x225.jpg 300w, https:\/\/maifeld-fewo.de\/wp-content\/uploads\/2024\/10\/156097954-768x576.jpg 768w\" sizes=\"(max-width: 767px) 89vw, (max-width: 1000px) 54vw, (max-width: 1071px) 543px, 580px\" \/><\/figure>\n\n\n\n<figure class=\"wp-block-image size-full\"><img loading=\"lazy\" decoding=\"async\" width=\"1024\" height=\"766\" src=\"https:\/\/maifeld-fewo.de\/wp-content\/uploads\/2024\/10\/156097748.jpg\" alt=\"\" class=\"wp-image-103\" srcset=\"https:\/\/maifeld-fewo.de\/wp-content\/uploads\/2024\/10\/156097748.jpg 1024w, https:\/\/maifeld-fewo.de\/wp-content\/uploads\/2024\/10\/156097748-300x224.jpg 300w, https:\/\/maifeld-fewo.de\/wp-content\/uploads\/2024\/10\/156097748-768x575.jpg 768w\" sizes=\"(max-width: 767px) 89vw, (max-width: 1000px) 54vw, (max-width: 1071px) 543px, 580px\" \/><\/figure>\n\n\n\n<figure class=\"wp-block-gallery has-nested-images columns-default is-cropped wp-block-gallery-2 is-layout-flex wp-block-gallery-is-layout-flex\">\n<figure class=\"wp-block-image size-large\"><img loading=\"lazy\" decoding=\"async\" width=\"1024\" height=\"765\" data-id=\"104\" src=\"https:\/\/maifeld-fewo.de\/wp-content\/uploads\/2024\/10\/156097902.jpg\" alt=\"\" class=\"wp-image-104\" srcset=\"https:\/\/maifeld-fewo.de\/wp-content\/uploads\/2024\/10\/156097902.jpg 1024w, https:\/\/maifeld-fewo.de\/wp-content\/uploads\/2024\/10\/156097902-300x224.jpg 300w, https:\/\/maifeld-fewo.de\/wp-content\/uploads\/2024\/10\/156097902-768x574.jpg 768w\" sizes=\"(max-width: 767px) 89vw, (max-width: 1000px) 54vw, (max-width: 1071px) 543px, 580px\" \/><\/figure>\n\n\n\n<figure class=\"wp-block-image size-large\"><img loading=\"lazy\" decoding=\"async\" width=\"1024\" height=\"576\" data-id=\"101\" src=\"https:\/\/maifeld-fewo.de\/wp-content\/uploads\/2024\/10\/117385266.jpg\" alt=\"\" class=\"wp-image-101\" srcset=\"https:\/\/maifeld-fewo.de\/wp-content\/uploads\/2024\/10\/117385266.jpg 1024w, https:\/\/maifeld-fewo.de\/wp-content\/uploads\/2024\/10\/117385266-300x169.jpg 300w, https:\/\/maifeld-fewo.de\/wp-content\/uploads\/2024\/10\/117385266-768x432.jpg 768w\" sizes=\"(max-width: 767px) 89vw, (max-width: 1000px) 54vw, (max-width: 1071px) 543px, 580px\" \/><\/figure>\n\n\n\n<figure class=\"wp-block-image size-large\"><img loading=\"lazy\" decoding=\"async\" width=\"1024\" height=\"576\" data-id=\"102\" src=\"https:\/\/maifeld-fewo.de\/wp-content\/uploads\/2024\/10\/117385273.jpg\" alt=\"\" class=\"wp-image-102\" srcset=\"https:\/\/maifeld-fewo.de\/wp-content\/uploads\/2024\/10\/117385273.jpg 1024w, https:\/\/maifeld-fewo.de\/wp-content\/uploads\/2024\/10\/117385273-300x169.jpg 300w, https:\/\/maifeld-fewo.de\/wp-content\/uploads\/2024\/10\/117385273-768x432.jpg 768w\" sizes=\"(max-width: 767px) 89vw, (max-width: 1000px) 54vw, (max-width: 1071px) 543px, 580px\" \/><\/figure>\n<\/figure>\n\n\n\n<p>Ebenfalls im <strong>EG <\/strong>bietet das Badezimmer mit einer gro\u00dfen, begehbaren Dusche den h\u00f6chstm\u00f6glichen Komfort f\u00fcr Ihren Aufenthalt.<\/p>\n\n\n\n<figure class=\"wp-block-image size-full\"><img loading=\"lazy\" decoding=\"async\" width=\"1024\" height=\"576\" src=\"https:\/\/maifeld-fewo.de\/wp-content\/uploads\/2024\/10\/118073692.jpg\" alt=\"\" class=\"wp-image-110\" srcset=\"https:\/\/maifeld-fewo.de\/wp-content\/uploads\/2024\/10\/118073692.jpg 1024w, https:\/\/maifeld-fewo.de\/wp-content\/uploads\/2024\/10\/118073692-300x169.jpg 300w, https:\/\/maifeld-fewo.de\/wp-content\/uploads\/2024\/10\/118073692-768x432.jpg 768w\" sizes=\"(max-width: 767px) 89vw, (max-width: 1000px) 54vw, (max-width: 1071px) 543px, 580px\" \/><\/figure>\n\n\n\n<figure class=\"wp-block-gallery has-nested-images columns-default is-cropped wp-block-gallery-3 is-layout-flex wp-block-gallery-is-layout-flex\">\n<figure class=\"wp-block-image size-large\"><img loading=\"lazy\" decoding=\"async\" width=\"576\" height=\"768\" data-id=\"109\" src=\"https:\/\/maifeld-fewo.de\/wp-content\/uploads\/2024\/10\/117385278.jpg\" alt=\"\" class=\"wp-image-109\" srcset=\"https:\/\/maifeld-fewo.de\/wp-content\/uploads\/2024\/10\/117385278.jpg 576w, https:\/\/maifeld-fewo.de\/wp-content\/uploads\/2024\/10\/117385278-225x300.jpg 225w\" sizes=\"(max-width: 576px) 100vw, 576px\" \/><\/figure>\n\n\n\n<figure class=\"wp-block-image size-large\"><img loading=\"lazy\" decoding=\"async\" width=\"1024\" height=\"576\" data-id=\"108\" src=\"https:\/\/maifeld-fewo.de\/wp-content\/uploads\/2024\/10\/117385253.jpg\" alt=\"\" class=\"wp-image-108\" srcset=\"https:\/\/maifeld-fewo.de\/wp-content\/uploads\/2024\/10\/117385253.jpg 1024w, https:\/\/maifeld-fewo.de\/wp-content\/uploads\/2024\/10\/117385253-300x169.jpg 300w, https:\/\/maifeld-fewo.de\/wp-content\/uploads\/2024\/10\/117385253-768x432.jpg 768w\" sizes=\"(max-width: 767px) 89vw, (max-width: 1000px) 54vw, (max-width: 1071px) 543px, 580px\" \/><\/figure>\n\n\n\n<figure class=\"wp-block-image size-large\"><img loading=\"lazy\" decoding=\"async\" width=\"1024\" height=\"768\" data-id=\"107\" src=\"https:\/\/maifeld-fewo.de\/wp-content\/uploads\/2024\/10\/95794361.jpg\" alt=\"\" class=\"wp-image-107\" srcset=\"https:\/\/maifeld-fewo.de\/wp-content\/uploads\/2024\/10\/95794361.jpg 1024w, https:\/\/maifeld-fewo.de\/wp-content\/uploads\/2024\/10\/95794361-300x225.jpg 300w, https:\/\/maifeld-fewo.de\/wp-content\/uploads\/2024\/10\/95794361-768x576.jpg 768w\" sizes=\"(max-width: 767px) 89vw, (max-width: 1000px) 54vw, (max-width: 1071px) 543px, 580px\" \/><\/figure>\n<\/figure>\n\n\n\n<p><\/p>\n\n\n\n<p>Im <strong>OG <\/strong>befindet sich ein weiteres G\u00e4ste-WC<\/p>\n\n\n\n<figure class=\"wp-block-image size-large\"><img loading=\"lazy\" decoding=\"async\" width=\"1024\" height=\"576\" src=\"https:\/\/maifeld-fewo.de\/wp-content\/uploads\/2024\/10\/20171023_145951_HDR-1024x576.jpg\" alt=\"\" class=\"wp-image-115\" srcset=\"https:\/\/maifeld-fewo.de\/wp-content\/uploads\/2024\/10\/20171023_145951_HDR-1024x576.jpg 1024w, https:\/\/maifeld-fewo.de\/wp-content\/uploads\/2024\/10\/20171023_145951_HDR-300x169.jpg 300w, https:\/\/maifeld-fewo.de\/wp-content\/uploads\/2024\/10\/20171023_145951_HDR-768x432.jpg 768w, https:\/\/maifeld-fewo.de\/wp-content\/uploads\/2024\/10\/20171023_145951_HDR-1536x864.jpg 1536w, https:\/\/maifeld-fewo.de\/wp-content\/uploads\/2024\/10\/20171023_145951_HDR-2048x1152.jpg 2048w\" sizes=\"(max-width: 767px) 89vw, (max-width: 1000px) 54vw, (max-width: 1071px) 543px, 580px\" \/><\/figure>\n\n\n\n<figure class=\"wp-block-image size-full\"><img loading=\"lazy\" decoding=\"async\" width=\"1024\" height=\"576\" src=\"https:\/\/maifeld-fewo.de\/wp-content\/uploads\/2024\/10\/118260683.jpg\" alt=\"\" class=\"wp-image-112\" srcset=\"https:\/\/maifeld-fewo.de\/wp-content\/uploads\/2024\/10\/118260683.jpg 1024w, https:\/\/maifeld-fewo.de\/wp-content\/uploads\/2024\/10\/118260683-300x169.jpg 300w, https:\/\/maifeld-fewo.de\/wp-content\/uploads\/2024\/10\/118260683-768x432.jpg 768w\" sizes=\"(max-width: 767px) 89vw, (max-width: 1000px) 54vw, (max-width: 1071px) 543px, 580px\" \/><\/figure>\n\n\n\n<p><\/p>\n\n\n\n<p>&#8230;und falls Sie mal etwas waschen m\u00fcssen:<\/p>\n\n\n\n<figure class=\"wp-block-image size-full\"><img loading=\"lazy\" decoding=\"async\" width=\"570\" height=\"768\" src=\"https:\/\/maifeld-fewo.de\/wp-content\/uploads\/2024\/10\/596877992.jpg\" alt=\"\" class=\"wp-image-111\" srcset=\"https:\/\/maifeld-fewo.de\/wp-content\/uploads\/2024\/10\/596877992.jpg 570w, https:\/\/maifeld-fewo.de\/wp-content\/uploads\/2024\/10\/596877992-223x300.jpg 223w\" sizes=\"(max-width: 570px) 100vw, 570px\" \/><\/figure>\n\n\n\n<p><\/p>\n\n\n\n<h2 class=\"wp-block-heading\"><a href=\"https:\/\/www.booking.com\/hotel\/de\/maifeld-fewo-haus-20.de.html?aid=304142&amp;dest_id=-1805209&amp;dest_type=city&amp;group_adults=2&amp;group_children=0&amp;label=gen173nr-1BCAEoggI46AdIM1gEaDuIAQGYAQe4ARfIAQzYAQHoAQGIAgGoAgO4AuiF6rgGwAIB0gIkZTgwNmUxMzYtMjBiYy00NzQ1LTkxNzQtNGZkYWMwMmM2M2Vk2AIF4AIB-Share-8UphBZ%401729790855&amp;no_rooms=1&amp;req_adults=2&amp;req_children=0\">FEWO SONNENSCHEIN BUCHEN<\/a><\/h2>\n","protected":false},"excerpt":{"rendered":"<p>Das moderne und lichtdurchflutete Ferienhaus bietet komfortablen Platz f\u00fcr 4 Personen.Die gro\u00dfe Sonnenterrasse l\u00e4dt zum Verweilen und Entspannen ein. Der Innenbereich bietet Ihnen mit 120m\u00b2 gen\u00fcgend Platz um Ihren Aufenthalt zu genie\u00dfen. Im EG befindet sich ein Wohnzimmer mit gem\u00fctlichem BIG Sofa und einem TV. Im OG befindet sich ein weiteres Wohnzimmer mit kleinem Sofa, &hellip; <\/p>\n<p class=\"link-more\"><a href=\"https:\/\/maifeld-fewo.de\/?page_id=88\" class=\"more-link\"><span class=\"screen-reader-text\">\u201eFewo Sonnenschein\u201c <\/span>weiterlesen<\/a><\/p>\n","protected":false},"author":1,"featured_media":0,"parent":0,"menu_order":0,"comment_status":"closed","ping_status":"closed","template":"","meta":{"footnotes":""},"class_list":["post-88","page","type-page","status-publish","hentry"],"yoast_head":"<!-- This site is optimized with the Yoast SEO plugin v27.5 - https:\/\/yoast.com\/product\/yoast-seo-wordpress\/ -->\n<title>Fewo Sonnenschein - maifeld-fewo<\/title>\n<meta name=\"robots\" content=\"index, follow, max-snippet:-1, max-image-preview:large, max-video-preview:-1\" \/>\n<link rel=\"canonical\" href=\"https:\/\/maifeld-fewo.de\/?page_id=88\" \/>\n<meta property=\"og:locale\" content=\"de_DE\" \/>\n<meta property=\"og:type\" content=\"article\" \/>\n<meta property=\"og:title\" content=\"Fewo Sonnenschein - maifeld-fewo\" \/>\n<meta property=\"og:description\" content=\"Das moderne und lichtdurchflutete Ferienhaus bietet komfortablen Platz f\u00fcr 4 Personen.Die gro\u00dfe Sonnenterrasse l\u00e4dt zum Verweilen und Entspannen ein. Der Innenbereich bietet Ihnen mit 120m\u00b2 gen\u00fcgend Platz um Ihren Aufenthalt zu genie\u00dfen. Im EG befindet sich ein Wohnzimmer mit gem\u00fctlichem BIG Sofa und einem TV. Im OG befindet sich ein weiteres Wohnzimmer mit kleinem Sofa, &hellip; \u201eFewo Sonnenschein\u201c weiterlesen\" \/>\n<meta property=\"og:url\" content=\"https:\/\/maifeld-fewo.de\/?page_id=88\" \/>\n<meta property=\"og:site_name\" content=\"maifeld-fewo\" \/>\n<meta property=\"article:publisher\" content=\"https:\/\/www.facebook.com\/share\/mwE5ngJhxx8UWmgr\/\" \/>\n<meta property=\"article:modified_time\" content=\"2024-10-28T10:51:52+00:00\" \/>\n<meta property=\"og:image\" content=\"https:\/\/maifeld-fewo.de\/wp-content\/uploads\/2024\/10\/IMG-20180803-WA0001.jpg\" \/>\n\t<meta property=\"og:image:width\" content=\"1078\" \/>\n\t<meta property=\"og:image:height\" content=\"804\" \/>\n\t<meta property=\"og:image:type\" content=\"image\/jpeg\" \/>\n<meta name=\"twitter:card\" content=\"summary_large_image\" \/>\n<meta name=\"twitter:label1\" content=\"Gesch\u00e4tzte Lesezeit\" \/>\n\t<meta name=\"twitter:data1\" content=\"5\u00a0Minuten\" \/>\n<script type=\"application\/ld+json\" class=\"yoast-schema-graph\">{\"@context\":\"https:\\\/\\\/schema.org\",\"@graph\":[{\"@type\":\"WebPage\",\"@id\":\"https:\\\/\\\/maifeld-fewo.de\\\/?page_id=88\",\"url\":\"https:\\\/\\\/maifeld-fewo.de\\\/?page_id=88\",\"name\":\"Fewo Sonnenschein - maifeld-fewo\",\"isPartOf\":{\"@id\":\"https:\\\/\\\/maifeld-fewo.de\\\/#website\"},\"primaryImageOfPage\":{\"@id\":\"https:\\\/\\\/maifeld-fewo.de\\\/?page_id=88#primaryimage\"},\"image\":{\"@id\":\"https:\\\/\\\/maifeld-fewo.de\\\/?page_id=88#primaryimage\"},\"thumbnailUrl\":\"https:\\\/\\\/maifeld-fewo.de\\\/wp-content\\\/uploads\\\/2024\\\/10\\\/IMG-20180803-WA0001-1024x764.jpg\",\"datePublished\":\"2024-10-28T10:41:28+00:00\",\"dateModified\":\"2024-10-28T10:51:52+00:00\",\"breadcrumb\":{\"@id\":\"https:\\\/\\\/maifeld-fewo.de\\\/?page_id=88#breadcrumb\"},\"inLanguage\":\"de\",\"potentialAction\":[{\"@type\":\"ReadAction\",\"target\":[\"https:\\\/\\\/maifeld-fewo.de\\\/?page_id=88\"]}]},{\"@type\":\"ImageObject\",\"inLanguage\":\"de\",\"@id\":\"https:\\\/\\\/maifeld-fewo.de\\\/?page_id=88#primaryimage\",\"url\":\"https:\\\/\\\/maifeld-fewo.de\\\/wp-content\\\/uploads\\\/2024\\\/10\\\/IMG-20180803-WA0001.jpg\",\"contentUrl\":\"https:\\\/\\\/maifeld-fewo.de\\\/wp-content\\\/uploads\\\/2024\\\/10\\\/IMG-20180803-WA0001.jpg\",\"width\":1078,\"height\":804},{\"@type\":\"BreadcrumbList\",\"@id\":\"https:\\\/\\\/maifeld-fewo.de\\\/?page_id=88#breadcrumb\",\"itemListElement\":[{\"@type\":\"ListItem\",\"position\":1,\"name\":\"Startseite\",\"item\":\"https:\\\/\\\/maifeld-fewo.de\\\/\"},{\"@type\":\"ListItem\",\"position\":2,\"name\":\"Fewo Sonnenschein\"}]},{\"@type\":\"WebSite\",\"@id\":\"https:\\\/\\\/maifeld-fewo.de\\\/#website\",\"url\":\"https:\\\/\\\/maifeld-fewo.de\\\/\",\"name\":\"maifeld-fewo\",\"description\":\".... Stress ist woanders\",\"publisher\":{\"@id\":\"https:\\\/\\\/maifeld-fewo.de\\\/#organization\"},\"potentialAction\":[{\"@type\":\"SearchAction\",\"target\":{\"@type\":\"EntryPoint\",\"urlTemplate\":\"https:\\\/\\\/maifeld-fewo.de\\\/?s={search_term_string}\"},\"query-input\":{\"@type\":\"PropertyValueSpecification\",\"valueRequired\":true,\"valueName\":\"search_term_string\"}}],\"inLanguage\":\"de\"},{\"@type\":\"Organization\",\"@id\":\"https:\\\/\\\/maifeld-fewo.de\\\/#organization\",\"name\":\"maifeld-fewo\",\"url\":\"https:\\\/\\\/maifeld-fewo.de\\\/\",\"logo\":{\"@type\":\"ImageObject\",\"inLanguage\":\"de\",\"@id\":\"https:\\\/\\\/maifeld-fewo.de\\\/#\\\/schema\\\/logo\\\/image\\\/\",\"url\":\"https:\\\/\\\/maifeld-fewo.de\\\/wp-content\\\/uploads\\\/2024\\\/10\\\/cropped-IMG_20210425_155714-scaled-1.jpg\",\"contentUrl\":\"https:\\\/\\\/maifeld-fewo.de\\\/wp-content\\\/uploads\\\/2024\\\/10\\\/cropped-IMG_20210425_155714-scaled-1.jpg\",\"width\":2000,\"height\":1199,\"caption\":\"maifeld-fewo\"},\"image\":{\"@id\":\"https:\\\/\\\/maifeld-fewo.de\\\/#\\\/schema\\\/logo\\\/image\\\/\"},\"sameAs\":[\"https:\\\/\\\/www.facebook.com\\\/share\\\/mwE5ngJhxx8UWmgr\\\/\",\"https:\\\/\\\/www.instagram.com\\\/maifeldfewo?igsh=MWp2ejZvaXQ5Nm4wMw==\"]}]}<\/script>\n<!-- \/ Yoast SEO plugin. -->","yoast_head_json":{"title":"Fewo Sonnenschein - maifeld-fewo","robots":{"index":"index","follow":"follow","max-snippet":"max-snippet:-1","max-image-preview":"max-image-preview:large","max-video-preview":"max-video-preview:-1"},"canonical":"https:\/\/maifeld-fewo.de\/?page_id=88","og_locale":"de_DE","og_type":"article","og_title":"Fewo Sonnenschein - maifeld-fewo","og_description":"Das moderne und lichtdurchflutete Ferienhaus bietet komfortablen Platz f\u00fcr 4 Personen.Die gro\u00dfe Sonnenterrasse l\u00e4dt zum Verweilen und Entspannen ein. Der Innenbereich bietet Ihnen mit 120m\u00b2 gen\u00fcgend Platz um Ihren Aufenthalt zu genie\u00dfen. Im EG befindet sich ein Wohnzimmer mit gem\u00fctlichem BIG Sofa und einem TV. Im OG befindet sich ein weiteres Wohnzimmer mit kleinem Sofa, &hellip; \u201eFewo Sonnenschein\u201c weiterlesen","og_url":"https:\/\/maifeld-fewo.de\/?page_id=88","og_site_name":"maifeld-fewo","article_publisher":"https:\/\/www.facebook.com\/share\/mwE5ngJhxx8UWmgr\/","article_modified_time":"2024-10-28T10:51:52+00:00","og_image":[{"width":1078,"height":804,"url":"https:\/\/maifeld-fewo.de\/wp-content\/uploads\/2024\/10\/IMG-20180803-WA0001.jpg","type":"image\/jpeg"}],"twitter_card":"summary_large_image","twitter_misc":{"Gesch\u00e4tzte Lesezeit":"5\u00a0Minuten"},"schema":{"@context":"https:\/\/schema.org","@graph":[{"@type":"WebPage","@id":"https:\/\/maifeld-fewo.de\/?page_id=88","url":"https:\/\/maifeld-fewo.de\/?page_id=88","name":"Fewo Sonnenschein - maifeld-fewo","isPartOf":{"@id":"https:\/\/maifeld-fewo.de\/#website"},"primaryImageOfPage":{"@id":"https:\/\/maifeld-fewo.de\/?page_id=88#primaryimage"},"image":{"@id":"https:\/\/maifeld-fewo.de\/?page_id=88#primaryimage"},"thumbnailUrl":"https:\/\/maifeld-fewo.de\/wp-content\/uploads\/2024\/10\/IMG-20180803-WA0001-1024x764.jpg","datePublished":"2024-10-28T10:41:28+00:00","dateModified":"2024-10-28T10:51:52+00:00","breadcrumb":{"@id":"https:\/\/maifeld-fewo.de\/?page_id=88#breadcrumb"},"inLanguage":"de","potentialAction":[{"@type":"ReadAction","target":["https:\/\/maifeld-fewo.de\/?page_id=88"]}]},{"@type":"ImageObject","inLanguage":"de","@id":"https:\/\/maifeld-fewo.de\/?page_id=88#primaryimage","url":"https:\/\/maifeld-fewo.de\/wp-content\/uploads\/2024\/10\/IMG-20180803-WA0001.jpg","contentUrl":"https:\/\/maifeld-fewo.de\/wp-content\/uploads\/2024\/10\/IMG-20180803-WA0001.jpg","width":1078,"height":804},{"@type":"BreadcrumbList","@id":"https:\/\/maifeld-fewo.de\/?page_id=88#breadcrumb","itemListElement":[{"@type":"ListItem","position":1,"name":"Startseite","item":"https:\/\/maifeld-fewo.de\/"},{"@type":"ListItem","position":2,"name":"Fewo Sonnenschein"}]},{"@type":"WebSite","@id":"https:\/\/maifeld-fewo.de\/#website","url":"https:\/\/maifeld-fewo.de\/","name":"maifeld-fewo","description":".... Stress ist woanders","publisher":{"@id":"https:\/\/maifeld-fewo.de\/#organization"},"potentialAction":[{"@type":"SearchAction","target":{"@type":"EntryPoint","urlTemplate":"https:\/\/maifeld-fewo.de\/?s={search_term_string}"},"query-input":{"@type":"PropertyValueSpecification","valueRequired":true,"valueName":"search_term_string"}}],"inLanguage":"de"},{"@type":"Organization","@id":"https:\/\/maifeld-fewo.de\/#organization","name":"maifeld-fewo","url":"https:\/\/maifeld-fewo.de\/","logo":{"@type":"ImageObject","inLanguage":"de","@id":"https:\/\/maifeld-fewo.de\/#\/schema\/logo\/image\/","url":"https:\/\/maifeld-fewo.de\/wp-content\/uploads\/2024\/10\/cropped-IMG_20210425_155714-scaled-1.jpg","contentUrl":"https:\/\/maifeld-fewo.de\/wp-content\/uploads\/2024\/10\/cropped-IMG_20210425_155714-scaled-1.jpg","width":2000,"height":1199,"caption":"maifeld-fewo"},"image":{"@id":"https:\/\/maifeld-fewo.de\/#\/schema\/logo\/image\/"},"sameAs":["https:\/\/www.facebook.com\/share\/mwE5ngJhxx8UWmgr\/","https:\/\/www.instagram.com\/maifeldfewo?igsh=MWp2ejZvaXQ5Nm4wMw=="]}]}},"_links":{"self":[{"href":"https:\/\/maifeld-fewo.de\/index.php?rest_route=\/wp\/v2\/pages\/88","targetHints":{"allow":["GET"]}}],"collection":[{"href":"https:\/\/maifeld-fewo.de\/index.php?rest_route=\/wp\/v2\/pages"}],"about":[{"href":"https:\/\/maifeld-fewo.de\/index.php?rest_route=\/wp\/v2\/types\/page"}],"author":[{"embeddable":true,"href":"https:\/\/maifeld-fewo.de\/index.php?rest_route=\/wp\/v2\/users\/1"}],"replies":[{"embeddable":true,"href":"https:\/\/maifeld-fewo.de\/index.php?rest_route=%2Fwp%2Fv2%2Fcomments&post=88"}],"version-history":[{"count":4,"href":"https:\/\/maifeld-fewo.de\/index.php?rest_route=\/wp\/v2\/pages\/88\/revisions"}],"predecessor-version":[{"id":124,"href":"https:\/\/maifeld-fewo.de\/index.php?rest_route=\/wp\/v2\/pages\/88\/revisions\/124"}],"wp:attachment":[{"href":"https:\/\/maifeld-fewo.de\/index.php?rest_route=%2Fwp%2Fv2%2Fmedia&parent=88"}],"curies":[{"name":"wp","href":"https:\/\/api.w.org\/{rel}","templated":true}]}}